{"id":1095,"date":"2017-05-22T10:20:22","date_gmt":"2017-05-22T08:20:22","guid":{"rendered":"http:\/\/www.capoeira-hd.com\/?page_id=1095"},"modified":"2025-02-13T16:58:42","modified_gmt":"2025-02-13T14:58:42","slug":"was-ist-eine-batizado","status":"publish","type":"page","link":"https:\/\/www.capoeira-hd.com\/?page_id=1095","title":{"rendered":"Was ist eine Batizado?"},"content":{"rendered":"<p><span style=\"font-family: arial, helvetica, sans-serif; font-size: 12pt;\">Batizado ist das portugiesische Wort f\u00fcr &#8222;Taufe&#8220;. Die Batizado ist eine Zeremonie, die von\u00a0Mestre Bimba 1936 in Salvador da Bahia eingef\u00fchrt wurde. Hier wird der Capoeira-Sch\u00fcler, der ein bestimmtes K\u00f6nnen und Wissen in der Capoeira erlangt hat, mit seinem Capoeira-Spitznamen (Apelido)<span style=\"color: #000000;\">\u00a0aufgerufen. Er erh\u00e4lt seine erste Kordel und spielt symbolisch mit einem Instrutor, Professor, Mestrando oder Mestre. <\/span><\/span><\/p>\n<p><span style=\"font-family: arial, helvetica, sans-serif; font-size: 12pt;\"><span style=\"color: #000000;\">Der Spitzname wird vom Trainer vergeben und\u00a0<\/span><\/span><span style=\"font-size: 12pt; color: #000000; font-family: arial, helvetica, sans-serif;\">basiert h\u00e4ufig auf charakteristischen Eigenschaften des Sch\u00fclers.\u00a0<\/span><span style=\"font-family: arial, helvetica, sans-serif; font-size: 12pt; color: #000000;\">Die Tradition der Spitznamen geht auf die Zeit zur\u00fcck, in der Capoeira in den Stra\u00dfenbanden Brasiliens praktiziert wurde. Die Capoeiristas nutzen den Spitznamen als Decknamen, um ihre wahre Identit\u00e4t vor der Polizei zu verbergen. \u00a0<\/span><\/p>\n<p><span style=\"font-family: arial, helvetica, sans-serif; font-size: 12pt; color: #000000;\">Sch\u00fcler, die schon l\u00e4nger dabei sind, erhalten bei der Batizado ebenfalls eine \u00a0neue farbige Kordel.<\/span>\u00a0<span style=\"font-family: arial, helvetica, sans-serif; font-size: 12pt; color: #000000;\">Die Farbe der Kordel zeigt die Graduierung der Capoeiristas an. Es werden sowohl theoretische Grundlagen, als auch Praxis bewertet. Viele Sch\u00fcler und vor allem die Kinder freuen sich das ganze Jahr auf den Tag der Batizado.\u00a0<\/span><\/p>\n<p><span style=\"font-family: arial, helvetica, sans-serif; font-size: 12pt; color: #000000;\">Die Batizado ist ein gro\u00dfes Fest voller Freude, Aufregung und Gl\u00fccksgef\u00fchle!\u00a0Bei der Batizado gibt es meist B\u00fchnenshows, bei denen nicht nur Capoeira, sondern auch\u00a0andere Afro-Brasilianische T\u00e4nze wie Maculele, Puxada de Rede oder Samba aufgef\u00fchrt werden.<\/span><\/p>\n","protected":false},"excerpt":{"rendered":"<p>Batizado ist das portugiesische Wort f\u00fcr &#8222;Taufe&#8220;. Die Batizado ist eine Zeremonie, die von\u00a0Mestre Bimba 1936 in Salvador da Bahia eingef\u00fchrt wurde. Hier wird der Capoeira-Sch\u00fcler, der ein bestimmtes K\u00f6nnen [&hellip;]<\/p>\n","protected":false},"author":2,"featured_media":0,"parent":0,"menu_order":0,"comment_status":"closed","ping_status":"closed","template":"","meta":{"om_disable_all_campaigns":false,"_monsterinsights_skip_tracking":false,"_monsterinsights_sitenote_active":false,"_monsterinsights_sitenote_note":"","_monsterinsights_sitenote_category":0,"footnotes":""},"class_list":["post-1095","page","type-page","status-publish","hentry"],"aioseo_notices":[],"_links":{"self":[{"href":"https:\/\/www.capoeira-hd.com\/index.php?rest_route=\/wp\/v2\/pages\/1095","targetHints":{"allow":["GET"]}}],"collection":[{"href":"https:\/\/www.capoeira-hd.com\/index.php?rest_route=\/wp\/v2\/pages"}],"about":[{"href":"https:\/\/www.capoeira-hd.com\/index.php?rest_route=\/wp\/v2\/types\/page"}],"author":[{"embeddable":true,"href":"https:\/\/www.capoeira-hd.com\/index.php?rest_route=\/wp\/v2\/users\/2"}],"replies":[{"embeddable":true,"href":"https:\/\/www.capoeira-hd.com\/index.php?rest_route=%2Fwp%2Fv2%2Fcomments&post=1095"}],"version-history":[{"count":2,"href":"https:\/\/www.capoeira-hd.com\/index.php?rest_route=\/wp\/v2\/pages\/1095\/revisions"}],"predecessor-version":[{"id":1101,"href":"https:\/\/www.capoeira-hd.com\/index.php?rest_route=\/wp\/v2\/pages\/1095\/revisions\/1101"}],"wp:attachment":[{"href":"https:\/\/www.capoeira-hd.com\/index.php?rest_route=%2Fwp%2Fv2%2Fmedia&parent=1095"}],"curies":[{"name":"wp","href":"https:\/\/api.w.org\/{rel}","templated":true}]}}