{"id":1735,"date":"2022-10-13T17:19:52","date_gmt":"2022-10-13T15:19:52","guid":{"rendered":"https:\/\/www.capoeira-hd.com\/?page_id=1735"},"modified":"2022-10-13T17:19:54","modified_gmt":"2022-10-13T15:19:54","slug":"batizado-2022","status":"publish","type":"page","link":"https:\/\/www.capoeira-hd.com\/?page_id=1735","title":{"rendered":"Batizado 2022"},"content":{"rendered":"\n<p><strong>Batizado 02. \u2013 04.12.2022<\/strong><\/p>\n\n\n\n<p><strong>Freitag \/ Sexta-feira 02.12.2022:<\/strong><\/p>\n\n\n\n<p>Aulao + Roda f\u00fcr Erwachsene:<br>Akademie<br>Ringstra\u00dfe 1-5<br>69221 Dossenheim&nbsp;<\/p>\n\n\n\n<p><strong>Samstag + Sonntag \/ S\u00e1bado + Domingo: 03. \u2013 04.12.2022<\/strong><\/p>\n\n\n\n<p>M\u00fchlbachhalle<br>Am Sportplatz 1<br>69221 Dossenheim<\/p>\n\n\n\n<p><strong>Party \/ Festa :<\/strong>&nbsp;Es ist noch nicht sicher ob und wo eine Party stattfinden wird.<\/p>\n\n\n\n<p><strong>Preis \/ Pre\u00e7os:<\/strong><br><strong>BDZ \/ Heidelberg \/ Zuzenhausen Mitglieder:<\/strong><br><strong>Teilnahme Jungendliche ab 14 Jahren &amp; Erwachsene<\/strong>\u00a0\/ \u00a0<strong>Adultos<\/strong>:<br>80 \u20ac (incl. T-shirt \/ camiseta) bis 07.11.2022 &#8211; Ab 08.11.2022 \u20ac 100<br>Online Anmeldung unter (zwingend erforderlich f\u00fcr Kordelvergabe\/wechsel): <a href=\"https:\/\/docs.google.com\/forms\/d\/e\/1FAIpQLSd1mUIskTju9Ql6YwRgu2g__N-uNkjuFtdp426HO36XQC9uVg\/viewform?usp=sf_link\" target=\"_blank\" rel=\"noopener\" title=\"\">Online Anmeldung<\/a><br>Inscri\u00e7\u00e3o online s\u00f3 para Adultos (obrigat\u00f3rio para Batizado \/ troca de corda): <a href=\"https:\/\/docs.google.com\/forms\/d\/e\/1FAIpQLSd1mUIskTju9Ql6YwRgu2g__N-uNkjuFtdp426HO36XQC9uVg\/viewform?usp=sf_link\" target=\"_blank\" rel=\"noopener\" title=\"\">Online Anmeldung<\/a><br><strong>Teilnahme Kinder\u00a0bis 13 Jahren\u00a0\/ Crian\u00e7a<\/strong> <br>60 \u20ac (incl. T-shirt \/ camiseta) bis 07.11.2022 &#8211; Ab 08.11.2022 \u20ac 70<br><strong>Anmeldung direkt bei Baiano in der Akademie (Barzahlung)!<\/strong> <strong>\/ Inscri\u00e7\u00e3o diretamente com Baiano na Academia (pagamento \u00e0 vista)!<\/strong><\/p>\n\n\n\n<p><strong>Weiter (g\u00fcnstigere) Familienmitglieder \/ Mais membros da fam\u00edlia (mais baratos):<\/strong><br>Erwachsene \/ Adultos: 50 \u20ac\/ 70\u20ac<br>Kinder \/ Crin\u00e7a: 40 \u20ac<\/p>\n\n\n\n<p><strong>G\u00e4ste \/ Convidados:<\/strong><br>Erwachsene 1 Tag (ohne T-shirt) \/ Adultos 1 dia: 50 \u20ac (sem camiseta)<br>Erwachsene 2 Tage (ohne T-shirt) \/ Adultos 2 dia: \u00a060 \u20ac (sem camiseta)<br>Erwachsene 3 Tage (ohne T-shirt) \/ Adultos 3 dia: \u00a060 \u20ac (sem camiseta)<br>Teilnahme Kinder (ohne T-shirt) \/ Crian\u00e7a bis 13 Jahren : 40 \u20ac (sem camiseta)<br>T-Shirt \/ camiseta: 10 \u20ac<br>Online Anmeldung: <a href=\"https:\/\/docs.google.com\/forms\/d\/e\/1FAIpQLSd1mUIskTju9Ql6YwRgu2g__N-uNkjuFtdp426HO36XQC9uVg\/viewform?usp=sf_link\" target=\"_blank\" rel=\"noopener\" title=\"\">Online Anmeldung<\/a><br>Inscri\u00e7\u00e3o online: <a href=\"https:\/\/docs.google.com\/forms\/d\/e\/1FAIpQLSd1mUIskTju9Ql6YwRgu2g__N-uNkjuFtdp426HO36XQC9uVg\/viewform?usp=sf_link\" target=\"_blank\" rel=\"noopener\" title=\"\">Online Anmeldung<\/a><\/p>\n\n\n\n<p>Anmeldung ist auch vor Ort m\u00f6glich (+10 \u20ac) (ohne Kordelvergabe\/wechsel).&nbsp;\/ <br>O registo tamb\u00e9m \u00e9 poss\u00edvel no local (+10 \u20ac) (sem Batizado\/troca de corda).<\/p>\n","protected":false},"excerpt":{"rendered":"<p>Batizado 02. \u2013 04.12.2022 Freitag \/ Sexta-feira 02.12.2022: Aulao + Roda f\u00fcr Erwachsene:AkademieRingstra\u00dfe 1-569221 Dossenheim&nbsp; Samstag + Sonntag \/ S\u00e1bado + Domingo: 03. \u2013 04.12.2022 M\u00fchlbachhalleAm Sportplatz 169221 Dossenheim Party [&hellip;]<\/p>\n","protected":false},"author":4,"featured_media":0,"parent":0,"menu_order":0,"comment_status":"closed","ping_status":"closed","template":"","meta":{"om_disable_all_campaigns":false,"_monsterinsights_skip_tracking":false,"_monsterinsights_sitenote_active":false,"_monsterinsights_sitenote_note":"","_monsterinsights_sitenote_category":0,"footnotes":""},"class_list":["post-1735","page","type-page","status-publish","hentry"],"aioseo_notices":[],"_links":{"self":[{"href":"https:\/\/www.capoeira-hd.com\/index.php?rest_route=\/wp\/v2\/pages\/1735","targetHints":{"allow":["GET"]}}],"collection":[{"href":"https:\/\/www.capoeira-hd.com\/index.php?rest_route=\/wp\/v2\/pages"}],"about":[{"href":"https:\/\/www.capoeira-hd.com\/index.php?rest_route=\/wp\/v2\/types\/page"}],"author":[{"embeddable":true,"href":"https:\/\/www.capoeira-hd.com\/index.php?rest_route=\/wp\/v2\/users\/4"}],"replies":[{"embeddable":true,"href":"https:\/\/www.capoeira-hd.com\/index.php?rest_route=%2Fwp%2Fv2%2Fcomments&post=1735"}],"version-history":[{"count":7,"href":"https:\/\/www.capoeira-hd.com\/index.php?rest_route=\/wp\/v2\/pages\/1735\/revisions"}],"predecessor-version":[{"id":1744,"href":"https:\/\/www.capoeira-hd.com\/index.php?rest_route=\/wp\/v2\/pages\/1735\/revisions\/1744"}],"wp:attachment":[{"href":"https:\/\/www.capoeira-hd.com\/index.php?rest_route=%2Fwp%2Fv2%2Fmedia&parent=1735"}],"curies":[{"name":"wp","href":"https:\/\/api.w.org\/{rel}","templated":true}]}}