{"id":1822,"date":"2025-02-08T17:20:11","date_gmt":"2025-02-08T15:20:11","guid":{"rendered":"https:\/\/www.capoeira-hd.com\/?page_id=1822"},"modified":"2025-02-13T16:58:25","modified_gmt":"2025-02-13T14:58:25","slug":"gfteam-dossenheim","status":"publish","type":"page","link":"https:\/\/www.capoeira-hd.com\/?page_id=1822","title":{"rendered":"\u00dcber GFTeam: Geschichte und Entwicklung des Grappling Fight Teams"},"content":{"rendered":"\n<figure class=\"wp-block-table\"><table class=\"has-fixed-layout\"><tbody><tr><td><img decoding=\"async\" width=\"266\" height=\"179\" class=\"wp-image-1825\" style=\"width: 90%; vertical-align:top;\" src=\"https:\/\/www.capoeira-hd.com\/wp-content\/uploads\/2025\/02\/GFTeam_1.jpeg\" alt=\"Meister Julio Cesar, Marcus Bello und Alexandre Bara\u00fana\"><br>Meister Julio Cesar, Marcus Bello und Alexandre Bara\u00fana<br><br><br><br><br><img decoding=\"async\" width=\"203\" height=\"154\" class=\"wp-image-1826\" style=\"width: 90%; vertical-align:top;\" src=\"https:\/\/www.capoeira-hd.com\/wp-content\/uploads\/2025\/02\/GFTeam_2.jpeg\" alt=\"Meister Julio Cesar\"><br>Meister Julio Cesar<\/td><td>Gegr\u00fcndet im Jahr 1996 an der Universidade Gama Filho, Taquara-Campus, in der Nordzone von Rio de Janeiro, unternahmen die Professoren J\u00falio C\u00e9sar, Marcus Bello und Alexandre Bara\u00fana mit der Ermutigung der Professoren Pedro Gama Filho und Paulo Jardim, den Vorreitern beim Aufbau des Jiu-Jitsu-Teams, die ersten Schritte in Richtung Wachstum und Expansion des Jiu-Jitsu.<br>\u200b<br>Die Arbeiten wurden zun\u00e4chst am UGF Taquara durchgef\u00fchrt und sp\u00e4ter, als der Platz f\u00fcr das wachsende Team zu klein wurde, an den UGF auf dem Piedade-Campus verlegt, der eine bessere Infrastruktur bot. Es begann auch mit Zentren im Viertel Vila da Penha, einem Vorort von Rio, und breitete sich au\u00dferhalb von Rio de Janeiro aus, in Sergipe, der Hauptstadt von Aracaju, mit Professor Marcus Bello.<br>\u200b<br>Wir m\u00f6chten die wichtige Beteiligung der Professoren Pedro Gama Filho und Paulo Jardim hervorheben, die das Team und seine Athleten jederzeit unterst\u00fctzten, Stipendien bereitstellten und den Bedarf soweit wie m\u00f6glich deckten und so zum Wachstum des Teams beitrugen.<br>\u200b<br>Durch die Professoren J\u00falio C\u00e9sar, Marcus Bello und Alexandre Bara\u00fana begann die Ausbildung von vom Team akkreditierten Schwarzgurten und die Zahl der Zentren stieg, mit Zweigstellen in ganz Rio de Janeiro, Brasilien und im Ausland.<br>\u200b<br>Mit der Professionalisierung des Teams und der Erweiterung des Horizonts f\u00fcr das Training von Athleten nicht nur f\u00fcr Jiu-Jitsu, sondern auch f\u00fcr MMA war eine Namens\u00e4nderung des Teams notwendig, da wir MMA nicht mit einer Bildungseinrichtung verkn\u00fcpfen konnten. Dar\u00fcber hinaus ging mit dem Tod von Professor Pedro Gama Filho die Unterst\u00fctzung der UGF verloren und das Team durchlief einen \u00dcbergang und eine Umstrukturierung. Dann wurde GFTeam (Grappling Fight Team) geboren.<br>\u200b<br>In weniger als zwei Jahren hatte sich GFTeam bereits konsolidiert, setzte seine Arbeit fort und expandierte immer weiter.<br>\u200b<br>Derzeit besteht das Team aus mehr als 250 Vertretern auf der ganzen Welt und es ist geplant, noch weiter zu wachsen.<br>\u200b<br>Der Hauptsitz befindet sich jetzt im Stadtteil M\u00e9ier in der Nordzone von Rio de Janeiro und verf\u00fcgt \u00fcber eine Struktur, die allen Sportlern dient.<\/td><\/tr><\/tbody><\/table><\/figure>\n\n\n\n<p>Referenz: <a href=\"https:\/\/www.gfteamofficial.com\/sobre\" target=\"_blank\" rel=\"noopener\" title=\"\">GFTeam \u2013 Unsere Geschichte (auf Portugiesisch)<\/a><\/p>\n","protected":false},"excerpt":{"rendered":"<p>Meister Julio Cesar, Marcus Bello und Alexandre Bara\u00fana Meister Julio Cesar Gegr\u00fcndet im Jahr 1996 an der Universidade Gama Filho, Taquara-Campus, in der Nordzone von Rio de Janeiro, unternahmen die [&hellip;]<\/p>\n","protected":false},"author":5,"featured_media":0,"parent":0,"menu_order":0,"comment_status":"closed","ping_status":"closed","template":"","meta":{"om_disable_all_campaigns":false,"_monsterinsights_skip_tracking":false,"_monsterinsights_sitenote_active":false,"_monsterinsights_sitenote_note":"","_monsterinsights_sitenote_category":0,"footnotes":""},"class_list":["post-1822","page","type-page","status-publish","hentry"],"aioseo_notices":[],"_links":{"self":[{"href":"https:\/\/www.capoeira-hd.com\/index.php?rest_route=\/wp\/v2\/pages\/1822","targetHints":{"allow":["GET"]}}],"collection":[{"href":"https:\/\/www.capoeira-hd.com\/index.php?rest_route=\/wp\/v2\/pages"}],"about":[{"href":"https:\/\/www.capoeira-hd.com\/index.php?rest_route=\/wp\/v2\/types\/page"}],"author":[{"embeddable":true,"href":"https:\/\/www.capoeira-hd.com\/index.php?rest_route=\/wp\/v2\/users\/5"}],"replies":[{"embeddable":true,"href":"https:\/\/www.capoeira-hd.com\/index.php?rest_route=%2Fwp%2Fv2%2Fcomments&post=1822"}],"version-history":[{"count":8,"href":"https:\/\/www.capoeira-hd.com\/index.php?rest_route=\/wp\/v2\/pages\/1822\/revisions"}],"predecessor-version":[{"id":1926,"href":"https:\/\/www.capoeira-hd.com\/index.php?rest_route=\/wp\/v2\/pages\/1822\/revisions\/1926"}],"wp:attachment":[{"href":"https:\/\/www.capoeira-hd.com\/index.php?rest_route=%2Fwp%2Fv2%2Fmedia&parent=1822"}],"curies":[{"name":"wp","href":"https:\/\/api.w.org\/{rel}","templated":true}]}}