{"id":519,"date":"2017-01-04T12:49:12","date_gmt":"2017-01-04T10:49:12","guid":{"rendered":"http:\/\/www.capoeira-dossenheim.de\/?page_id=519"},"modified":"2025-02-13T16:50:23","modified_gmt":"2025-02-13T14:50:23","slug":"brasilianisch-deutsches-zentrum-heidelberg-e-v","status":"publish","type":"page","link":"https:\/\/www.capoeira-hd.com\/?page_id=519","title":{"rendered":"Brasilianisch-Deutsches Zentrum Heidelberg e.V."},"content":{"rendered":"<p>Der im Mai 2009 gegr\u00fcndete Verein Brasilianisch-Deutsches-Zentrum Heidelberg e.V. ist ein gemeinn\u00fctziger Verein zur F\u00f6rderung von Kultur, Sport und Tanz in Heidelberg und Umgebung.<\/p>\n<p>Der Vereinszweck wird vor allem durch folgende Ma\u00dfnahmen verwirklicht:<\/p>\n<ul>\n<li>Capoeira-Unterricht f\u00fcr Kinder, Jugendliche und Erwachsene. Unterrichtsinhalte sind Sportunterricht mit Elementen aus Kampfsport und Tanz, Bewegungs- und Koordinationstraining, Instrumenten- und Gesangsunterricht, \u00dcbermittlung der Kultur und Spiele in der Roda (portugiesisch f\u00fcr \u201eKreis\u201c)<\/li>\n<li>Brazilian Jiu-Jitsu (BJJ) Unterricht f\u00fcr Kinder, Jugendliche und Erwachsene<\/li>\n<li>Projekte und Kurse an Schulen und in Jugendzentren<\/li>\n<li>Ausrichtung von Workshops und Seminare (z. B. T\u00e4nze wie Samba, Forr\u00f3 und Makulele) und Sprachkursen<\/li>\n<li>\u00d6ffentlichkeitswirksame Aktionen (z.B. Capoeiravorf\u00fchrungen), um die M\u00f6glichkeiten des interkulturellen Dialoges aufzuzeigen<\/li>\n<li>Veranstaltung eines j\u00e4hrlichen internationalen Capoeira-Treffens mit Batizado (Verleihung der Kordeln)<\/li>\n<li>Veranstaltung eines j\u00e4hrlichen Kinderfestes mit Batizado (Verleihung der Kordeln)<\/li>\n<li>Internationaler Austausch mit anderen Capoeira Gruppen<\/li>\n<li>Austausch sowie gemeinsame Trainingseinheiten mit andern BJJ Teams in der Umgebung<\/li>\n<li>Soziale Projekte, wie z.B. \u201eSolidariedade nas escolas Timoneses\u201c e.V., \u201eIntegration durch Dialog und Bewegung\u201c der Caritas<\/li>\n<\/ul>\n<p>Der Verein Brasilianisch-Deutsches-Zentrum Heidelberg e.V. vertritt die Philosophie und Methodik der Vereinigung Abad\u00e1 Capoeira sowie den Grunds\u00e4tzen des weltweit agierenden Grappling Fight Team.<\/p>\n","protected":false},"excerpt":{"rendered":"<p>Der im Mai 2009 gegr\u00fcndete Verein Brasilianisch-Deutsches-Zentrum Heidelberg e.V. ist ein gemeinn\u00fctziger Verein zur F\u00f6rderung von Kultur, Sport und Tanz in Heidelberg und Umgebung. Der Vereinszweck wird vor allem durch [&hellip;]<\/p>\n","protected":false},"author":2,"featured_media":0,"parent":0,"menu_order":0,"comment_status":"closed","ping_status":"closed","template":"","meta":{"om_disable_all_campaigns":false,"_monsterinsights_skip_tracking":false,"_monsterinsights_sitenote_active":false,"_monsterinsights_sitenote_note":"","_monsterinsights_sitenote_category":0,"footnotes":""},"class_list":["post-519","page","type-page","status-publish","hentry"],"aioseo_notices":[],"_links":{"self":[{"href":"https:\/\/www.capoeira-hd.com\/index.php?rest_route=\/wp\/v2\/pages\/519","targetHints":{"allow":["GET"]}}],"collection":[{"href":"https:\/\/www.capoeira-hd.com\/index.php?rest_route=\/wp\/v2\/pages"}],"about":[{"href":"https:\/\/www.capoeira-hd.com\/index.php?rest_route=\/wp\/v2\/types\/page"}],"author":[{"embeddable":true,"href":"https:\/\/www.capoeira-hd.com\/index.php?rest_route=\/wp\/v2\/users\/2"}],"replies":[{"embeddable":true,"href":"https:\/\/www.capoeira-hd.com\/index.php?rest_route=%2Fwp%2Fv2%2Fcomments&post=519"}],"version-history":[{"count":2,"href":"https:\/\/www.capoeira-hd.com\/index.php?rest_route=\/wp\/v2\/pages\/519\/revisions"}],"predecessor-version":[{"id":1910,"href":"https:\/\/www.capoeira-hd.com\/index.php?rest_route=\/wp\/v2\/pages\/519\/revisions\/1910"}],"wp:attachment":[{"href":"https:\/\/www.capoeira-hd.com\/index.php?rest_route=%2Fwp%2Fv2%2Fmedia&parent=519"}],"curies":[{"name":"wp","href":"https:\/\/api.w.org\/{rel}","templated":true}]}}