{"id":522,"date":"2017-01-04T12:53:18","date_gmt":"2017-01-04T10:53:18","guid":{"rendered":"http:\/\/www.capoeira-dossenheim.de\/?page_id=522"},"modified":"2025-02-13T16:58:37","modified_gmt":"2025-02-13T14:58:37","slug":"was-ist-capoeira","status":"publish","type":"page","link":"https:\/\/www.capoeira-hd.com\/?page_id=522","title":{"rendered":"Was ist Capoeira"},"content":{"rendered":"<p><span style=\"font-family: arial, helvetica, sans-serif; font-size: 12pt; color: #000000;\">Capoeira ist eine kulturelle Mischung aus Sport, Kampf, Tanz, Popul\u00e4rkultur, Musik und Vergn\u00fcgen. Sie wurde von afrikanischen Sklaven und deren Nachkommen entwickelt, die nach Brasilien verschleppt wurden. \u00a0Sie zeichnet sich durch schnelle und komplexe Bewegungen aus, h\u00e4ufig am Boden ausgef\u00fchrt. Eine Eigenschaft, die die Capoeira von anderen Kampfsportarten unterscheidet, ist die Tatsache, dass sie von Musik begleitet wird. Es gibt verschiedene Rhythmen, die den Spielern langsame, komplexe oder auch schnelle, explosive und kraftvolle Bewegungen vorgeben.<\/span><\/p>\n<p><span style=\"font-family: arial, helvetica, sans-serif; font-size: 12pt; color: #000000;\">Capoeiristas spielen stets miteinander \u2013 das Ziel ist ein harmonisches gemeinsames Spiel und kein Kampf zwischen zwei Gegnern. Daher schult Capoeira wie keine andere Sportart die R\u00fccksichtnahme aufeinander und die sensible Reaktion schon auf die kleinste Bewegung des Anderen.<\/span><\/p>\n<p><span style=\"font-family: arial, helvetica, sans-serif; font-size: 12pt; color: #000000;\">Die Lieder sind fundamentaler Bestandteil der Capoeira. Sie bestimmt den Rhythmus und die Spielweise (Stil), in der in der Roda der Capoeira gespielt wird.<\/span><\/p>\n<p><span style=\"font-family: arial, helvetica, sans-serif; font-size: 12pt; color: #000000;\">Die Lieder werden auf Portugiesisch gesungen. Spezielle Instrumente wie die Berimbau, Atabaque, Pandeiro oder Agog\u00f4 begleiten den Gesang, wobei das Lied im Einklang mit dem Rhythmus des Toques der Capoeira stehen muss, also entweder sch\u00f6n langsam (Benguela) oder recht schnell (Sao Bento Grande).<\/span><\/p>\n<p><span style=\"font-family: arial, helvetica, sans-serif; font-size: 12pt; color: #000000;\">Viele der Ges\u00e4nge bestehen aus kleinen Strophen, die durch den Refrain geteilt werden, w\u00e4hrend es auch andere gibt, die in langer Erz\u00e4hlform verfasst sind (Ladainhas). Die Lieder in der Capoeira besch\u00e4ftigen sich mit abwechslungsreichen Themen, feuern die Spieler an oder erz\u00e4hlen Anekdoten aus fr\u00fcheren Zeiten.<\/span><\/p>\n","protected":false},"excerpt":{"rendered":"<p>Capoeira ist eine kulturelle Mischung aus Sport, Kampf, Tanz, Popul\u00e4rkultur, Musik und Vergn\u00fcgen. Sie wurde von afrikanischen Sklaven und deren Nachkommen entwickelt, die nach Brasilien verschleppt wurden. \u00a0Sie zeichnet sich [&hellip;]<\/p>\n","protected":false},"author":2,"featured_media":0,"parent":0,"menu_order":0,"comment_status":"closed","ping_status":"closed","template":"","meta":{"om_disable_all_campaigns":false,"_monsterinsights_skip_tracking":false,"_monsterinsights_sitenote_active":false,"_monsterinsights_sitenote_note":"","_monsterinsights_sitenote_category":0,"footnotes":""},"class_list":["post-522","page","type-page","status-publish","hentry"],"aioseo_notices":[],"_links":{"self":[{"href":"https:\/\/www.capoeira-hd.com\/index.php?rest_route=\/wp\/v2\/pages\/522","targetHints":{"allow":["GET"]}}],"collection":[{"href":"https:\/\/www.capoeira-hd.com\/index.php?rest_route=\/wp\/v2\/pages"}],"about":[{"href":"https:\/\/www.capoeira-hd.com\/index.php?rest_route=\/wp\/v2\/types\/page"}],"author":[{"embeddable":true,"href":"https:\/\/www.capoeira-hd.com\/index.php?rest_route=\/wp\/v2\/users\/2"}],"replies":[{"embeddable":true,"href":"https:\/\/www.capoeira-hd.com\/index.php?rest_route=%2Fwp%2Fv2%2Fcomments&post=522"}],"version-history":[{"count":1,"href":"https:\/\/www.capoeira-hd.com\/index.php?rest_route=\/wp\/v2\/pages\/522\/revisions"}],"predecessor-version":[{"id":524,"href":"https:\/\/www.capoeira-hd.com\/index.php?rest_route=\/wp\/v2\/pages\/522\/revisions\/524"}],"wp:attachment":[{"href":"https:\/\/www.capoeira-hd.com\/index.php?rest_route=%2Fwp%2Fv2%2Fmedia&parent=522"}],"curies":[{"name":"wp","href":"https:\/\/api.w.org\/{rel}","templated":true}]}}