{"id":532,"date":"2017-01-05T15:47:06","date_gmt":"2017-01-05T13:47:06","guid":{"rendered":"http:\/\/www.capoeira-dossenheim.de\/?page_id=532"},"modified":"2025-04-14T17:56:38","modified_gmt":"2025-04-14T15:56:38","slug":"anmeldeformular","status":"publish","type":"page","link":"https:\/\/www.capoeira-hd.com\/?page_id=532","title":{"rendered":"Anmeldeformular"},"content":{"rendered":"<p><span style=\"font-family: arial, helvetica, sans-serif; font-size: 12pt; color: #000000;\">Entdecken Sie die lebendige Welt von Capoeira und Brazilian Jiu-Jitsu (BJJ) im Brasilianisch-Deutschen Zentrum! Nehmen Sie an unseren Kursen, Workshops und Veranstaltungen teil, um die reiche Geschichte und Kultur dieser dynamischen Kampfk\u00fcnste kennenzulernen. Werden Sie noch heute Teil unserer Community!<\/span><\/p>\n<p><span style=\"font-family: arial, helvetica, sans-serif; font-size: 12pt; color: #000000;\">Unser Anmeldeformular ist unter folgendem Link als pdf-Datei zum Download \u00a0erh\u00e4ltlich: <a href=\"https:\/\/www.capoeira-hd.com\/wp-content\/uploads\/2025\/04\/BDZ-Vertrag_2025_04_14.pdf\">Mitgliedsvertrag<\/a><\/span><\/p>\n<p><span style=\"font-family: arial, helvetica, sans-serif; font-size: 12pt; color: #000000;\">Zum Lesen und Ausdrucken von pdf-Dateien wird der Acrobat\u00aeReader\u00ae ben\u00f6tigt, der auf der Webseite von Adobe\u00ae kostenlos heruntergeladen werden kann.<\/span><\/p>\n<p><span style=\"font-family: arial, helvetica, sans-serif; font-size: 12pt; color: #000000;\"><strong>Wichtig:<\/strong>\u00a0Wir k\u00f6nnen nur Anmeldeformulare bearbeiten, die\u00a0<em><strong>vollst\u00e4ndig ausgef\u00fcllt<\/strong><\/em>\u00a0sind. F\u00fcr Erm\u00e4\u00dfigungen ben\u00f6tigen wir einen Nachweis.<\/span><\/p>\n\n\n<p><\/p>\n","protected":false},"excerpt":{"rendered":"<p>Entdecken Sie die lebendige Welt von Capoeira und Brazilian Jiu-Jitsu (BJJ) im Brasilianisch-Deutschen Zentrum! Nehmen Sie an unseren Kursen, Workshops und Veranstaltungen teil, um die reiche Geschichte und Kultur dieser [&hellip;]<\/p>\n","protected":false},"author":2,"featured_media":0,"parent":0,"menu_order":0,"comment_status":"closed","ping_status":"closed","template":"","meta":{"om_disable_all_campaigns":false,"_monsterinsights_skip_tracking":false,"_monsterinsights_sitenote_active":false,"_monsterinsights_sitenote_note":"","_monsterinsights_sitenote_category":0,"footnotes":""},"class_list":["post-532","page","type-page","status-publish","hentry"],"aioseo_notices":[],"_links":{"self":[{"href":"https:\/\/www.capoeira-hd.com\/index.php?rest_route=\/wp\/v2\/pages\/532","targetHints":{"allow":["GET"]}}],"collection":[{"href":"https:\/\/www.capoeira-hd.com\/index.php?rest_route=\/wp\/v2\/pages"}],"about":[{"href":"https:\/\/www.capoeira-hd.com\/index.php?rest_route=\/wp\/v2\/types\/page"}],"author":[{"embeddable":true,"href":"https:\/\/www.capoeira-hd.com\/index.php?rest_route=\/wp\/v2\/users\/2"}],"replies":[{"embeddable":true,"href":"https:\/\/www.capoeira-hd.com\/index.php?rest_route=%2Fwp%2Fv2%2Fcomments&post=532"}],"version-history":[{"count":12,"href":"https:\/\/www.capoeira-hd.com\/index.php?rest_route=\/wp\/v2\/pages\/532\/revisions"}],"predecessor-version":[{"id":2068,"href":"https:\/\/www.capoeira-hd.com\/index.php?rest_route=\/wp\/v2\/pages\/532\/revisions\/2068"}],"wp:attachment":[{"href":"https:\/\/www.capoeira-hd.com\/index.php?rest_route=%2Fwp%2Fv2%2Fmedia&parent=532"}],"curies":[{"name":"wp","href":"https:\/\/api.w.org\/{rel}","templated":true}]}}