{"id":585,"date":"2017-01-06T15:46:38","date_gmt":"2017-01-06T13:46:38","guid":{"rendered":"http:\/\/www.capoeira-dossenheim.de\/?page_id=585"},"modified":"2025-02-08T19:10:22","modified_gmt":"2025-02-08T17:10:22","slug":"sponsoren","status":"publish","type":"page","link":"https:\/\/www.capoeira-hd.com\/?page_id=585","title":{"rendered":"Sponsoring"},"content":{"rendered":"<p><span style=\"font-family: arial, helvetica, sans-serif; font-size: 12pt; color: #000000;\"><strong>Unterst\u00fctzen Sie unsere vielseitige Arbeit!<\/strong><\/span><\/p>\n<p><span style=\"font-family: arial, helvetica, sans-serif; font-size: 12pt; color: #000000;\">Als gemeinn\u00fctziger Verein sind wir immer auf der Suche nach Sponsoren und F\u00f6rderern f\u00fcr unsere Sport-, Kultur- und Sozialprojekte. Der Schwerpunkt unserer Vereinsarbeit liegt in der F\u00f6rderung des interkulturellen Dialogs und in der Jugendhilfe. Um einem breiten Kreis die M\u00f6glichkeit geben zu k\u00f6nnen, an unseren Trainings und an den Veranstaltungen teilnehmen zu k\u00f6nnen, ben\u00f6tigen wir Ihre Unterst\u00fctzung!<\/span><\/p>\n<p><span style=\"font-family: arial, helvetica, sans-serif; font-size: 12pt; color: #000000;\"><strong>Unsere Projekte<\/strong><\/span><\/p>\n<ul>\n<li><span style=\"font-family: arial, helvetica, sans-serif; font-size: 12pt; color: #000000;\">Capoeira an Schulen und in Jugendzentren<\/span><\/li>\n<li><span style=\"font-family: arial, helvetica, sans-serif; font-size: 12pt; color: #000000;\">Ausrichtung von Workshops (z.B. Capoeira und T\u00e4nze wie Samba, Forr\u00f3 und Makulele)<\/span><\/li>\n<li><span style=\"font-family: arial, helvetica, sans-serif; font-size: 12pt; color: #000000;\">Capoeira-Auff\u00fchrungen im Rahmen von z.B. st\u00e4dtischen Veranstaltungen<\/span><\/li>\n<li><span style=\"font-family: arial, helvetica, sans-serif; font-size: 12pt; color: #000000;\">Regionale, nationale und internationale Capoeira-Treffen<\/span><\/li>\n<li><span style=\"font-family: arial, helvetica, sans-serif; font-size: 12pt; color: #000000;\">Kinder-Veranstaltungen (z.B. Brasilianischer Karneval mit \u00dcbernachtung)<\/span><\/li>\n<li><span style=\"font-family: arial, helvetica, sans-serif; font-size: 12pt; color: #000000;\">Brasilianisches Sommercamp am St. Leoner See<\/span><\/li>\n<li><span style=\"font-family: arial, helvetica, sans-serif; font-size: 12pt; color: #000000;\">Soziale Projekte (z.B. \u201eSolidariedade nas escolas Timoneses\u201c e.V., \u201eIntegration durch Dialog und Bewegung\u201c der Caritas)<\/span><\/li>\n<\/ul>\n<p><strong>Beste Gr\u00fcnde f\u00fcr Sponsoring<\/strong><\/p>\n<ul>\n<li><span style=\"font-family: arial, helvetica, sans-serif; font-size: 12pt; color: #000000;\">Capoeira-Treffen und Capoeira-Shows locken zahlreiche Teilnehmer und Besucher an (gezielte Ansprache mit verschiedenen Werbem\u00f6glichkeiten)<\/span><\/li>\n<li><span style=\"font-family: arial, helvetica, sans-serif; font-size: 12pt; color: #000000;\">Steuerlich abzugsf\u00e4hige Spendenbescheinigung vom gemeinn\u00fctzigen Verein<\/span><\/li>\n<li><span style=\"font-family: arial, helvetica, sans-serif; font-size: 12pt; color: #000000;\">Werten Sie Ihr Image bei einer Zielgruppe positiv auf, die starke Affinit\u00e4t zu Sport und interkulturellem Dialog aufweist und in der alle Altersgruppen vertreten sind<\/span><\/li>\n<li><span style=\"font-family: arial, helvetica, sans-serif; font-size: 12pt; color: #000000;\">Erm\u00f6glichen Sie jungen Talenten diese einmalige Erfahrung und beweisen Sie, dass Jugendf\u00f6rderung und interkultureller Dialog in Ihrer Firma gro\u00df geschrieben wird<\/span><\/li>\n<\/ul>\n<p><span style=\"font-family: arial, helvetica, sans-serif; font-size: 12pt; color: #000000;\"><strong>Beispiele f\u00fcr Werbem\u00f6glichkeiten<\/strong><\/span><\/p>\n<ul>\n<li><span style=\"font-family: arial, helvetica, sans-serif; font-size: 12pt; color: #000000;\">Logo mit Link auf unserer gut besuchten Internetseite<\/span><\/li>\n<li><span style=\"font-family: arial, helvetica, sans-serif; font-size: 12pt; color: #000000;\">Logo auf Werbematerialien unserer Events (Flyer, Plakate, T-Shirts f\u00fcr unser Internationales Capoeira-Treffen oder unser Brasilianisches Sommercamp)<\/span><\/li>\n<li><span style=\"font-family: arial, helvetica, sans-serif; font-size: 12pt; color: #000000;\">Sponsorenstand, Kampagne, Expertenvortr\u00e4ge, Nennung unserer Sponsoren<\/span><\/li>\n<li><span style=\"font-family: arial, helvetica, sans-serif; font-size: 12pt; color: #000000;\">u.v.a.m.<\/span><\/li>\n<\/ul>\n<p><span style=\"font-family: arial, helvetica, sans-serif; font-size: 12pt; color: #000000;\">Es gibt eine Vielzahl an M\u00f6glichkeiten, wie Sie uns bei unserer Arbeit unterst\u00fctzen k\u00f6nnen. Um unsere Events bestm\u00f6glich realisieren zu k\u00f6nnen, ben\u00f6tigen wir Hilfe bei der Finanzierung von Trainingsr\u00e4umen, aber auch bei der Bereitstellung von Unterk\u00fcnften und Verpflegung f\u00fcr die Gastdozenten, Snacks und Getr\u00e4nke f\u00fcr die Workshop-Teilnehmer, Werbematerialen u.v.a.m..<\/span><\/p>\n<p><span style=\"font-size: 12pt; font-family: arial, helvetica, sans-serif; color: #000000;\">Weitere detaillierte Informationen zu unseren Angeboten f\u00fcr Sponsoren erhalten Sie hier zum Download:\u00a0<\/span><span style=\"font-family: arial, helvetica, sans-serif; font-size: 12pt;\"><a href=\"http:\/\/www.capoeira-dossenheim.de\/wp-content\/uploads\/2017\/01\/download.sponsoreninformation.pdf\" target=\"_blank\">download.sponsoreninformation<\/a><\/span><\/p>\n<p><span style=\"font-family: arial, helvetica, sans-serif; font-size: 12pt;\">Bei Interesse an einer Kooperation freuen wir uns \u00fcber eine Kontaktaufnahme!<\/span><\/p>\n","protected":false},"excerpt":{"rendered":"<p>Unterst\u00fctzen Sie unsere vielseitige Arbeit! Als gemeinn\u00fctziger Verein sind wir immer auf der Suche nach Sponsoren und F\u00f6rderern f\u00fcr unsere Sport-, Kultur- und Sozialprojekte. Der Schwerpunkt unserer Vereinsarbeit liegt in [&hellip;]<\/p>\n","protected":false},"author":2,"featured_media":0,"parent":0,"menu_order":0,"comment_status":"closed","ping_status":"closed","template":"sidebar-page.php","meta":{"om_disable_all_campaigns":false,"_monsterinsights_skip_tracking":false,"_monsterinsights_sitenote_active":false,"_monsterinsights_sitenote_note":"","_monsterinsights_sitenote_category":0,"footnotes":""},"class_list":["post-585","page","type-page","status-publish","hentry"],"aioseo_notices":[],"_links":{"self":[{"href":"https:\/\/www.capoeira-hd.com\/index.php?rest_route=\/wp\/v2\/pages\/585","targetHints":{"allow":["GET"]}}],"collection":[{"href":"https:\/\/www.capoeira-hd.com\/index.php?rest_route=\/wp\/v2\/pages"}],"about":[{"href":"https:\/\/www.capoeira-hd.com\/index.php?rest_route=\/wp\/v2\/types\/page"}],"author":[{"embeddable":true,"href":"https:\/\/www.capoeira-hd.com\/index.php?rest_route=\/wp\/v2\/users\/2"}],"replies":[{"embeddable":true,"href":"https:\/\/www.capoeira-hd.com\/index.php?rest_route=%2Fwp%2Fv2%2Fcomments&post=585"}],"version-history":[{"count":16,"href":"https:\/\/www.capoeira-hd.com\/index.php?rest_route=\/wp\/v2\/pages\/585\/revisions"}],"predecessor-version":[{"id":693,"href":"https:\/\/www.capoeira-hd.com\/index.php?rest_route=\/wp\/v2\/pages\/585\/revisions\/693"}],"wp:attachment":[{"href":"https:\/\/www.capoeira-hd.com\/index.php?rest_route=%2Fwp%2Fv2%2Fmedia&parent=585"}],"curies":[{"name":"wp","href":"https:\/\/api.w.org\/{rel}","templated":true}]}}