{"id":619,"date":"2017-01-09T14:32:29","date_gmt":"2017-01-09T12:32:29","guid":{"rendered":"http:\/\/www.capoeira-dossenheim.de\/?page_id=619"},"modified":"2018-07-01T15:36:59","modified_gmt":"2018-07-01T13:36:59","slug":"newsletter","status":"publish","type":"page","link":"https:\/\/www.capoeira-hd.com\/?page_id=619","title":{"rendered":"Newsletter"},"content":{"rendered":"<p><span style=\"font-family: arial, helvetica, sans-serif; font-size: 12pt; color: #000000;\">Unser Newsletter\u00a0informiert Mitglieder und Freunde des Vereins in regelm\u00e4\u00dfigen Abst\u00e4nden \u00fcber Neuigkeiten und Projekte des Vereins.<\/span><\/p>\n<p><span style=\"font-family: arial,helvetica,sans-serif; font-size: 12pt;\">Wenn Ihr in den Newsletter aufgenommen werden wollt, dann sendet uns bitte eine E-Mail oder f\u00fcllt das Kontaktformular aus.<\/span><\/p>\n","protected":false},"excerpt":{"rendered":"<p>Unser Newsletter\u00a0informiert Mitglieder und Freunde des Vereins in regelm\u00e4\u00dfigen Abst\u00e4nden \u00fcber Neuigkeiten und Projekte des Vereins. Wenn Ihr in den Newsletter aufgenommen werden wollt, dann sendet uns bitte eine E-Mail [&hellip;]<\/p>\n","protected":false},"author":2,"featured_media":0,"parent":0,"menu_order":0,"comment_status":"closed","ping_status":"closed","template":"sidebar-page.php","meta":{"om_disable_all_campaigns":false,"_monsterinsights_skip_tracking":false,"_monsterinsights_sitenote_active":false,"_monsterinsights_sitenote_note":"","_monsterinsights_sitenote_category":0,"footnotes":""},"class_list":["post-619","page","type-page","status-publish","hentry"],"aioseo_notices":[],"_links":{"self":[{"href":"https:\/\/www.capoeira-hd.com\/index.php?rest_route=\/wp\/v2\/pages\/619","targetHints":{"allow":["GET"]}}],"collection":[{"href":"https:\/\/www.capoeira-hd.com\/index.php?rest_route=\/wp\/v2\/pages"}],"about":[{"href":"https:\/\/www.capoeira-hd.com\/index.php?rest_route=\/wp\/v2\/types\/page"}],"author":[{"embeddable":true,"href":"https:\/\/www.capoeira-hd.com\/index.php?rest_route=\/wp\/v2\/users\/2"}],"replies":[{"embeddable":true,"href":"https:\/\/www.capoeira-hd.com\/index.php?rest_route=%2Fwp%2Fv2%2Fcomments&post=619"}],"version-history":[{"count":3,"href":"https:\/\/www.capoeira-hd.com\/index.php?rest_route=\/wp\/v2\/pages\/619\/revisions"}],"predecessor-version":[{"id":1335,"href":"https:\/\/www.capoeira-hd.com\/index.php?rest_route=\/wp\/v2\/pages\/619\/revisions\/1335"}],"wp:attachment":[{"href":"https:\/\/www.capoeira-hd.com\/index.php?rest_route=%2Fwp%2Fv2%2Fmedia&parent=619"}],"curies":[{"name":"wp","href":"https:\/\/api.w.org\/{rel}","templated":true}]}}