{"id":89,"date":"2014-09-10T15:28:04","date_gmt":"2014-09-10T13:28:04","guid":{"rendered":"http:\/\/www.capoeira-dossenheim.de\/?page_id=89"},"modified":"2025-02-13T16:53:19","modified_gmt":"2025-02-13T14:53:19","slug":"trainer-baiano","status":"publish","type":"page","link":"https:\/\/www.capoeira-hd.com\/?page_id=89","title":{"rendered":"Trainer Baiano"},"content":{"rendered":"<p><span style=\"font-family: arial, helvetica, sans-serif; font-size: 12pt; color: #000000;\">Harlem Otto (Instrutor Baiano), geboren am 21.11.1980 in Curitiba im Bundesstaat Paran\u00e1, praktiziert seit 1992 Capoeira. In seiner Heimat Brasilien hat er Marketingtechnologie und Geschichte studiert und arbeitete 10 Jahre als Unteroffizier der Milit\u00e4rpolizei in Paran\u00e1. 2005 bekam er nach jahrelanger Trainingserfahrung mit Sch\u00fclern verschiedener Altersgruppen den Trainergrad des Professor verliehen. 2007 kam er zum ersten Mal nach Deutschland, um an Capoeiraveranstaltungen in ganz Europa teilzunehmen. 2008 verlie\u00df er seine Heimat, um in Deutschland zu leben und Capoeiratraining zu geben. Seit 2009 trainiert er in seiner neuen Capoeiragruppe in Heidelberg und Umgebung eine stetig wachsende Gruppe von Erwachsenen und Kindern. Nebenher erweitert er mit Sprachkursen seine Deutschkenntnisse und veranstaltet europaweit Workshops.\u00a0Seit 2012 geh\u00f6rt der Trainer Baiano der Vereinigung Abad\u00e1-Capoeira an.<\/span><\/p>\n<p><span style=\"font-family: arial, helvetica, sans-serif; font-size: 12pt; color: #000000;\"><strong>\u00a0Lebenslauf<\/strong><\/span><\/p>\n<ul>\n<li><span style=\"font-family: arial, helvetica, sans-serif; font-size: 12pt; color: #000000;\">seit Februar 2016: Brazilian Jiu-Jitsu Ausbildung (Schubert Jiu-Jitsu)<\/span><\/li>\n<li><span style=\"font-family: arial, helvetica, sans-serif; font-size: 12pt; color: #000000;\">2012: Baiano gewinnt die Deutschen Capoeira-Meisterschaften<\/span><\/li>\n<li><span style=\"font-family: arial, helvetica, sans-serif; font-size: 12pt; color: #000000;\">2011-2012: mehrere Erste-Hilfe-Kurse, Spezialisierung auf Erste Hilfe im Kampfsportbereich. Fortbildung mit Ziel der Trainerlizenz B (Breitensport) beim Deutschen Sportbund<\/span><\/li>\n<li><span style=\"font-family: arial, helvetica, sans-serif; font-size: 12pt; color: #000000;\">2010-2011: erfolgreiches Absolvieren eines Kurses f\u00fcr die Trainerlizenz Breitensport im Bereich Fitness, Kraftsport ( C ) beim Deutschen Sportbund<\/span><\/li>\n<li><span style=\"font-family: arial, helvetica, sans-serif; font-size: 12pt; color: #000000;\">2010: Erhalt des zweiten Professorengrades (roxa-marron) durch Mestre Cear\u00e1<\/span><\/li>\n<li><span style=\"font-family: arial, helvetica, sans-serif; font-size: 12pt; color: #000000;\">Seit Mai 2009: Trainert\u00e4tigkeit im Verein und an verschiedenen Heidelberger Schulen, Organisation von Capoeira &#8211; Sommercamps und Beitr\u00e4ge zu diversen Veranstaltungen des Heidelberger Sportkreises (T\u00e4tigkeiten \/ Weiterbildungen als Capoeiratrainer)<\/span><\/li>\n<li><span style=\"font-family: arial, helvetica, sans-serif; font-size: 12pt; color: #000000;\">Mai\u00a02009: Gr\u00fcndung des Vereins Brasilianisch-Deutsches Zentrum f\u00fcr Kultur, Sport und Tanz Heidelberg e.V.<\/span><\/li>\n<li><span style=\"font-family: arial, helvetica, sans-serif; font-size: 12pt; color: #000000;\">Januar 2009: Umzug nach Heidelberg, Beginn von Deutschkursen an der Universit\u00e4t und an privaten Sprachschulen<\/span><\/li>\n<li><span style=\"font-family: arial, helvetica, sans-serif; font-size: 12pt; color: #000000;\">November 2008: Beginn der Trainert\u00e4tigkeit in Deutschland (Siegen)<\/span><\/li>\n<li><span style=\"font-family: arial, helvetica, sans-serif; font-size: 12pt; color: #000000;\">2005-2008 Studium von Marketing und Werbung (FACINTER) an der Internationalen Universit\u00e4t von Curitiba, Postgraduation f\u00fcr Geschichte an der Universit\u00e4t von Brasil\u00a0 (FIES)<\/span><\/li>\n<li><span style=\"font-family: arial, helvetica, sans-serif; font-size: 12pt; color: #000000;\">2006: Teilnahme an den Jogos Paranaenses (Meisterschaften)<\/span><\/li>\n<li><span style=\"font-family: arial, helvetica, sans-serif; font-size: 12pt; color: #000000;\">2006: Teilnahme am Kongress Encontro Nacional Artes das Gerais in Minas Gerais<\/span><\/li>\n<li><span style=\"font-family: arial, helvetica, sans-serif; font-size: 12pt; color: #000000;\">2005: Trainergrad des Professors (verliehen durch Contra Mestre Cavalo)<\/span><\/li>\n<li><span style=\"font-family: arial, helvetica, sans-serif; font-size: 12pt; color: #000000;\">2005: einj\u00e4hriger Didaktikkurs zur Sporterziehung an der staatlichen Capoeiraf\u00f6rderation Paran\u00e1<\/span><\/li>\n<li><span style=\"font-family: arial, helvetica, sans-serif; font-size: 12pt; color: #000000;\">2005: Beitritt in den Capoeira-Dachverband Paran\u00e1<\/span><\/li>\n<li><span style=\"font-family: arial, helvetica, sans-serif; font-size: 12pt; color: #000000;\">2001-2007: Verschiedene Fortbildungskurse bis zum Grad des Unteroffiziers; Milit\u00e4rakademie Curitiba<\/span><\/li>\n<li><span style=\"font-family: arial, helvetica, sans-serif; font-size: 12pt; color: #000000;\">Mehrfache Fortbildungen zur Ersten Hilfe an der Milit\u00e4rakademie Paran\u00e1<\/span><\/li>\n<li><span style=\"font-family: arial, helvetica, sans-serif; font-size: 12pt; color: #000000;\">2001, 2002 und 2003: Teilnahme an den Offenen Capoeirameisterschaften der Gruppe Muzenza<\/span><\/li>\n<li><span style=\"font-family: arial, helvetica, sans-serif; font-size: 12pt; color: #000000;\">2001: Workshop in der Clinica de Capoeira bei Mestre Jogo de Dentro in Paran\u00e1<\/span><\/li>\n<li><span style=\"font-family: arial, helvetica, sans-serif; font-size: 12pt; color: #000000;\">Ab 2000: Trainert\u00e4tigkeit in verschiedenen Capoeiraschulen in Paran\u00e1<\/span><\/li>\n<li><span style=\"font-family: arial, helvetica, sans-serif; font-size: 12pt; color: #000000;\">1999-2003: J\u00e4hrliche Fortbildungskurs f\u00fcr Capoeira Regional bei Mestre Burgu\u00eas in\u00a0\u00a0 Sao Paulo<\/span><\/li>\n<\/ul>\n","protected":false},"excerpt":{"rendered":"<p>Harlem Otto (Instrutor Baiano), geboren am 21.11.1980 in Curitiba im Bundesstaat Paran\u00e1, praktiziert seit 1992 Capoeira. In seiner Heimat Brasilien hat er Marketingtechnologie und Geschichte studiert und arbeitete 10 Jahre [&hellip;]<\/p>\n","protected":false},"author":2,"featured_media":0,"parent":0,"menu_order":0,"comment_status":"closed","ping_status":"open","template":"","meta":{"om_disable_all_campaigns":false,"_monsterinsights_skip_tracking":false,"_monsterinsights_sitenote_active":false,"_monsterinsights_sitenote_note":"","_monsterinsights_sitenote_category":0,"footnotes":""},"class_list":["post-89","page","type-page","status-publish","hentry"],"aioseo_notices":[],"_links":{"self":[{"href":"https:\/\/www.capoeira-hd.com\/index.php?rest_route=\/wp\/v2\/pages\/89","targetHints":{"allow":["GET"]}}],"collection":[{"href":"https:\/\/www.capoeira-hd.com\/index.php?rest_route=\/wp\/v2\/pages"}],"about":[{"href":"https:\/\/www.capoeira-hd.com\/index.php?rest_route=\/wp\/v2\/types\/page"}],"author":[{"embeddable":true,"href":"https:\/\/www.capoeira-hd.com\/index.php?rest_route=\/wp\/v2\/users\/2"}],"replies":[{"embeddable":true,"href":"https:\/\/www.capoeira-hd.com\/index.php?rest_route=%2Fwp%2Fv2%2Fcomments&post=89"}],"version-history":[{"count":8,"href":"https:\/\/www.capoeira-hd.com\/index.php?rest_route=\/wp\/v2\/pages\/89\/revisions"}],"predecessor-version":[{"id":775,"href":"https:\/\/www.capoeira-hd.com\/index.php?rest_route=\/wp\/v2\/pages\/89\/revisions\/775"}],"wp:attachment":[{"href":"https:\/\/www.capoeira-hd.com\/index.php?rest_route=%2Fwp%2Fv2%2Fmedia&parent=89"}],"curies":[{"name":"wp","href":"https:\/\/api.w.org\/{rel}","templated":true}]}}