{"id":92,"date":"2014-09-10T15:32:13","date_gmt":"2014-09-10T13:32:13","guid":{"rendered":"http:\/\/www.capoeira-dossenheim.de\/?page_id=92"},"modified":"2025-02-13T16:51:24","modified_gmt":"2025-02-13T14:51:24","slug":"kinder","status":"publish","type":"page","link":"https:\/\/www.capoeira-hd.com\/?page_id=92","title":{"rendered":"Capoeira f\u00fcr Kinder"},"content":{"rendered":"<p style=\"text-align: left;\"><span style=\"font-family: arial, helvetica, sans-serif; font-size: 12pt; color: #000000;\">Capoeira verbessert die k\u00f6rperliche Fitness, das Rhythmusgef\u00fchl und macht Kindern und Jugendlichen aller Altersklassen gro\u00dfen Spa\u00df. In Brasilien \u00a0ist Capoeira fester Bestandteil der Kultur und geh\u00f6rt zur schulischen Sporterziehung \u2013 aber mittlerweile ist dieser faszinierende Sport ein \u201eExportschlager\u201c, der auch aus Deutschland nicht mehr wegzudenken ist.<\/span><\/p>\n<p style=\"text-align: left;\"><span style=\"font-family: arial, helvetica, sans-serif; font-size: 12pt; color: #000000;\">Besonders f\u00fcr Kinder ab vier Jahren ist das Erlernen von Capoeira sehr geeignet, denn es verbindet wie keine andere Sportart t\u00e4nzerische Bewegungen, Musik und Kampfsportelemente miteinander.<\/span><\/p>\n<p style=\"text-align: left;\"><span style=\"font-family: arial, helvetica, sans-serif; font-size: 12pt; color: #000000;\">Urspr\u00fcnglich als defensive Kampfsportart und zum Erhalt der k\u00f6rperlichen Fitness von Sklaven entwickelt, musste Capoeira vor den Aufsehern als \u201eTanz\u201c getarnt werden.<\/span><\/p>\n<p style=\"text-align: left;\"><span style=\"font-family: arial, helvetica, sans-serif; font-size: 12pt; color: #000000;\">Diese Wurzeln sind der gro\u00dfe Vorteil der moderne Capoeira \u2013 Spa\u00df an Bewegung, Musik und ein konstruktives Miteinander stehen im Vordergrund der Trainingseinheiten: eine ideale Voraussetzung f\u00fcr die Arbeit mit Kindern.<\/span><\/p>\n<p style=\"text-align: left;\"><span style=\"font-family: arial, helvetica, sans-serif; font-size: 12pt; color: #000000;\"><strong>P\u00e4dagogisches Konzept<\/strong><\/span><\/p>\n<p style=\"text-align: left;\"><span style=\"font-family: arial, helvetica, sans-serif; font-size: 12pt; color: #000000;\">Unser Capoeira-Training ist ganzheitlich orientiert und\u00a0bringt Spiel und Training zusammen.\u00a0 Wichtiger Bestandteil des Trainings ist die Integration von Musik und Gesang, sowie die Entwicklung von motorischen F\u00e4higkeiten und Koordination \u00a0\u2013 nat\u00fcrlich immer dem Alter und Entwicklungsstadium des Kindes oder des Jugendlichen angepasst. Die Sch\u00fcler sollen gefordert, aber auch in Pers\u00f6nlichkeit und Selbstbewusstsein gefestigt werden.\u00a0Capoeira schult die physische und psychische St\u00e4rke.<\/span><\/p>\n<p><span style=\"font-family: arial, helvetica, sans-serif; font-size: 12pt; color: #000000;\">Die Vereinigung Abad\u00e1 Capoeira hat mit Hilfe der Universit\u00e4t Curitiba besondere Lehrmethoden f\u00fcr Kinder entwickelt, die Spiel und Training altersgerecht zusammenbringen und dabei \u00a0wachsende Knochen und Gelenke schonen. Die Integration von Musik und Gesang hat einen gro\u00dfen Stellenwert. Beim Erlernen einfacher Capoeira-Lieder wird das \u00a0Rhythmusgef\u00fchl verbessert und die Kinder werden mit der portugiesischen Sprache vertraut gemacht.<\/span><\/p>\n","protected":false},"excerpt":{"rendered":"<p>Capoeira verbessert die k\u00f6rperliche Fitness, das Rhythmusgef\u00fchl und macht Kindern und Jugendlichen aller Altersklassen gro\u00dfen Spa\u00df. In Brasilien \u00a0ist Capoeira fester Bestandteil der Kultur und geh\u00f6rt zur schulischen Sporterziehung \u2013 [&hellip;]<\/p>\n","protected":false},"author":2,"featured_media":0,"parent":0,"menu_order":0,"comment_status":"closed","ping_status":"open","template":"","meta":{"om_disable_all_campaigns":false,"_monsterinsights_skip_tracking":false,"_monsterinsights_sitenote_active":false,"_monsterinsights_sitenote_note":"","_monsterinsights_sitenote_category":0,"footnotes":""},"class_list":["post-92","page","type-page","status-publish","hentry"],"aioseo_notices":[],"_links":{"self":[{"href":"https:\/\/www.capoeira-hd.com\/index.php?rest_route=\/wp\/v2\/pages\/92","targetHints":{"allow":["GET"]}}],"collection":[{"href":"https:\/\/www.capoeira-hd.com\/index.php?rest_route=\/wp\/v2\/pages"}],"about":[{"href":"https:\/\/www.capoeira-hd.com\/index.php?rest_route=\/wp\/v2\/types\/page"}],"author":[{"embeddable":true,"href":"https:\/\/www.capoeira-hd.com\/index.php?rest_route=\/wp\/v2\/users\/2"}],"replies":[{"embeddable":true,"href":"https:\/\/www.capoeira-hd.com\/index.php?rest_route=%2Fwp%2Fv2%2Fcomments&post=92"}],"version-history":[{"count":7,"href":"https:\/\/www.capoeira-hd.com\/index.php?rest_route=\/wp\/v2\/pages\/92\/revisions"}],"predecessor-version":[{"id":778,"href":"https:\/\/www.capoeira-hd.com\/index.php?rest_route=\/wp\/v2\/pages\/92\/revisions\/778"}],"wp:attachment":[{"href":"https:\/\/www.capoeira-hd.com\/index.php?rest_route=%2Fwp%2Fv2%2Fmedia&parent=92"}],"curies":[{"name":"wp","href":"https:\/\/api.w.org\/{rel}","templated":true}]}}